{"id":919,"date":"2024-06-08T09:33:56","date_gmt":"2024-06-08T07:33:56","guid":{"rendered":"https:\/\/bmmc.fr\/wp\/?page_id=919"},"modified":"2024-12-04T14:52:34","modified_gmt":"2024-12-04T13:52:34","slug":"a-vendre","status":"publish","type":"page","link":"https:\/\/bmmc.fr\/?page_id=919","title":{"rendered":"\u00c0 vendre"},"content":{"rendered":"\n<div class=\"wp-block-query is-layout-flow wp-block-query-is-layout-flow\"><ul class=\"wp-block-post-template is-layout-flow wp-block-post-template-is-layout-flow\"><li class=\"wp-block-post post-2292 post type-post status-publish format-standard has-post-thumbnail hentry category-petites-annonces\">\n<h2 class=\"wp-block-post-title\"><a href=\"https:\/\/bmmc.fr\/?p=2292\" target=\"_self\" >Vends BMW R1200GS<\/a><\/h2>\n\n<div class=\"wp-block-post-date\"><time datetime=\"2026-04-20T13:26:19+02:00\">20 avril 2026<\/time><\/div>\n\n<div class=\"entry-content wp-block-post-content is-layout-flow wp-block-post-content-is-layout-flow\">\n<p>Ann\u00e9e 2016<\/p>\n\n\n\n<p>18&nbsp;000km<\/p>\n\n\n\n<p>Version rabaiss\u00e9e, avec selle basse, pack confort, pack touring, pack dynamic,<\/p>\n\n\n\n<p>Support pour GPS, Bagagerie vario compl\u00e8te avec sacs interne de valises et top case, et sacoche de r\u00e9servoir, \u00e9clairage additionnel<\/p>\n\n\n\n<p>Prix 14&nbsp;000 euros<\/p>\n\n\n\n<p>Tel&nbsp;: 06&nbsp; 50 31 86 84<\/p>\n\n\n\n<figure class=\"wp-block-image size-full is-resized\"><img fetchpriority=\"high\" fetchpriority=\"high\" decoding=\"async\" width=\"394\" height=\"295\" src=\"https:\/\/bmmc.fr\/wp-content\/uploads\/2026\/04\/image.png\" alt=\"\" class=\"wp-image-2293\" style=\"width:587px;height:auto\" srcset=\"https:\/\/bmmc.fr\/wp-content\/uploads\/2026\/04\/image.png 394w, https:\/\/bmmc.fr\/wp-content\/uploads\/2026\/04\/image-300x225.png 300w\" sizes=\"(max-width: 394px) 100vw, 394px\" \/><\/figure>\n\n\n\n<figure class=\"wp-block-image size-full is-resized\"><img decoding=\"async\" width=\"400\" height=\"300\" src=\"https:\/\/bmmc.fr\/wp-content\/uploads\/2026\/04\/image-1.png\" alt=\"\" class=\"wp-image-2294\" style=\"width:586px;height:auto\" srcset=\"https:\/\/bmmc.fr\/wp-content\/uploads\/2026\/04\/image-1.png 400w, https:\/\/bmmc.fr\/wp-content\/uploads\/2026\/04\/image-1-300x225.png 300w\" sizes=\"(max-width: 400px) 100vw, 400px\" \/><\/figure>\n\n\n\n<figure class=\"wp-block-image size-full is-resized\"><img decoding=\"async\" width=\"394\" height=\"295\" src=\"https:\/\/bmmc.fr\/wp-content\/uploads\/2026\/04\/image-2.png\" alt=\"\" class=\"wp-image-2295\" style=\"width:586px;height:auto\" srcset=\"https:\/\/bmmc.fr\/wp-content\/uploads\/2026\/04\/image-2.png 394w, https:\/\/bmmc.fr\/wp-content\/uploads\/2026\/04\/image-2-300x225.png 300w\" sizes=\"(max-width: 394px) 100vw, 394px\" \/><\/figure>\n\n\n\n<figure class=\"wp-block-image size-full is-resized\"><img loading=\"lazy\" loading=\"lazy\" decoding=\"async\" width=\"394\" height=\"295\" src=\"https:\/\/bmmc.fr\/wp-content\/uploads\/2026\/04\/image-3.png\" alt=\"\" class=\"wp-image-2296\" style=\"width:584px;height:auto\" srcset=\"https:\/\/bmmc.fr\/wp-content\/uploads\/2026\/04\/image-3.png 394w, https:\/\/bmmc.fr\/wp-content\/uploads\/2026\/04\/image-3-300x225.png 300w\" sizes=\"auto, (max-width: 394px) 100vw, 394px\" \/><\/figure>\n\n\n\n<figure class=\"wp-block-image size-full is-resized\"><img loading=\"lazy\" loading=\"lazy\" decoding=\"async\" width=\"394\" height=\"295\" src=\"https:\/\/bmmc.fr\/wp-content\/uploads\/2026\/04\/image-4.png\" alt=\"\" class=\"wp-image-2297\" style=\"width:583px;height:auto\" srcset=\"https:\/\/bmmc.fr\/wp-content\/uploads\/2026\/04\/image-4.png 394w, https:\/\/bmmc.fr\/wp-content\/uploads\/2026\/04\/image-4-300x225.png 300w\" sizes=\"auto, (max-width: 394px) 100vw, 394px\" \/><\/figure>\n\n\n\n<p>____________________________________________________________________________________________________________________________________________________________<\/p>\n<\/div>\n\n\n<hr class=\"wp-block-separator has-alpha-channel-opacity is-style-wide\"\/>\n\n\n\n<hr class=\"wp-block-separator has-alpha-channel-opacity is-style-wide\"\/>\n\n<\/li><\/ul><\/div>\n","protected":false},"excerpt":{"rendered":"","protected":false},"author":1,"featured_media":834,"parent":0,"menu_order":0,"comment_status":"closed","ping_status":"closed","template":"","meta":{"footnotes":""},"class_list":["post-919","page","type-page","status-publish","has-post-thumbnail","hentry"],"_links":{"self":[{"href":"https:\/\/bmmc.fr\/index.php?rest_route=\/wp\/v2\/pages\/919","targetHints":{"allow":["GET"]}}],"collection":[{"href":"https:\/\/bmmc.fr\/index.php?rest_route=\/wp\/v2\/pages"}],"about":[{"href":"https:\/\/bmmc.fr\/index.php?rest_route=\/wp\/v2\/types\/page"}],"author":[{"embeddable":true,"href":"https:\/\/bmmc.fr\/index.php?rest_route=\/wp\/v2\/users\/1"}],"replies":[{"embeddable":true,"href":"https:\/\/bmmc.fr\/index.php?rest_route=%2Fwp%2Fv2%2Fcomments&post=919"}],"version-history":[{"count":8,"href":"https:\/\/bmmc.fr\/index.php?rest_route=\/wp\/v2\/pages\/919\/revisions"}],"predecessor-version":[{"id":1629,"href":"https:\/\/bmmc.fr\/index.php?rest_route=\/wp\/v2\/pages\/919\/revisions\/1629"}],"wp:featuredmedia":[{"embeddable":true,"href":"https:\/\/bmmc.fr\/index.php?rest_route=\/wp\/v2\/media\/834"}],"wp:attachment":[{"href":"https:\/\/bmmc.fr\/index.php?rest_route=%2Fwp%2Fv2%2Fmedia&parent=919"}],"curies":[{"name":"wp","href":"https:\/\/api.w.org\/{rel}","templated":true}]}}