{"id":918,"date":"2024-06-17T23:18:43","date_gmt":"2024-06-17T21:18:43","guid":{"rendered":"https:\/\/bmmc.fr\/wp\/?page_id=918"},"modified":"2024-06-25T09:35:51","modified_gmt":"2024-06-25T07:35:51","slug":"nos-liens","status":"publish","type":"page","link":"https:\/\/bmmc.fr\/?page_id=918","title":{"rendered":"Une s\u00e9lection de liens des amis et partenaires du BMMC"},"content":{"rendered":"\n<div class=\"wp-block-group is-vertical is-layout-flex wp-container-core-group-is-layout-8cf370e7 wp-block-group-is-layout-flex\">\n<figure style=\"font-size:16px\" class=\"wp-block-table\"><table><tbody><tr><td><a href=\"https:\/\/bmmc.fr\/index.php\/nos-liens?task=weblink.go&amp;id=10\" target=\"_blank\" rel=\"noreferrer noopener\">GS Parts<\/a><\/td><td>Pi\u00e8ces d\u00e9tach\u00e9es pour GS, mais aussi pour d&#8217;autres mod\u00e8les BMW<\/td><\/tr><tr><td><a href=\"https:\/\/bmmc.fr\/index.php\/nos-liens?task=weblink.go&amp;id=12\" target=\"_blank\" rel=\"noreferrer noopener\">Cruiser Club de France<\/a><\/td><td>Le site des R1200C<\/td><\/tr><tr><td><a href=\"https:\/\/bmmc.fr\/index.php\/nos-liens?task=weblink.go&amp;id=11\" target=\"_blank\" rel=\"noreferrer noopener\">AFMB<\/a><\/td><td>L&#8217;association des BMistes francophones<\/td><\/tr><tr><td><a href=\"https:\/\/bmmc.fr\/index.php\/nos-liens?task=weblink.go&amp;id=13\" target=\"_blank\" rel=\"noreferrer noopener\">FFMC 67<\/a><\/td><td>La F\u00e9d\u00e9ration Fran\u00e7aise des Motards en Col\u00e8re<\/td><\/tr><tr><td><a href=\"https:\/\/bmmc.fr\/index.php\/nos-liens?task=weblink.go&amp;id=18\" target=\"_blank\" rel=\"noreferrer noopener\">FFMC<\/a><\/td><td><\/td><\/tr><tr><td><a href=\"https:\/\/bmmc.fr\/index.php\/nos-liens?task=weblink.go&amp;id=14\" target=\"_blank\" rel=\"noreferrer noopener\">Passion Moto GT<\/a><\/td><td>Par un passionn\u00e9 et professionnel de la moto, un article sur la prise des virages et bien d&#8217;autres infos utiles<\/td><\/tr><tr><td><a href=\"https:\/\/bmmc.fr\/index.php\/nos-liens?task=weblink.go&amp;id=15\" target=\"_blank\" rel=\"noreferrer noopener\">BMW Moto Club de France<\/a><\/td><td><\/td><\/tr><tr><td><a href=\"https:\/\/bmmc.fr\/index.php\/nos-liens?task=weblink.go&amp;id=16\" target=\"_blank\" rel=\"noreferrer noopener\">BMW Moto Club Ile de France<\/a><\/td><td><\/td><\/tr><tr><td><a href=\"https:\/\/bmmc.fr\/index.php\/nos-liens?task=weblink.go&amp;id=19\" target=\"_blank\" rel=\"noreferrer noopener\">Flat-Vintage<\/a><\/td><td><\/td><\/tr><tr><td><a href=\"https:\/\/bmmc.fr\/index.php\/nos-liens?task=weblink.go&amp;id=20\" target=\"_blank\" rel=\"noreferrer noopener\">Coupes Moto Legende<\/a><\/td><td><\/td><\/tr><tr><td><a href=\"https:\/\/bmmc.fr\/index.php\/nos-liens?task=weblink.go&amp;id=21\" target=\"_blank\" rel=\"noreferrer noopener\">Le repaire des Motards<\/a><\/td><td><\/td><\/tr><tr><td><a href=\"https:\/\/bmmc.fr\/index.php\/nos-liens?task=weblink.go&amp;id=23\" target=\"_blank\" rel=\"noreferrer noopener\">BMWAY<\/a><\/td><td><\/td><\/tr><tr><td><a href=\"https:\/\/bmmc.fr\/index.php\/nos-liens?task=weblink.go&amp;id=24\" target=\"_blank\" rel=\"noreferrer noopener\">bmwdean<\/a><\/td><td><\/td><\/tr><\/tbody><\/table><\/figure>\n<\/div>\n\n\n\n<p><\/p>\n","protected":false},"excerpt":{"rendered":"<p>GS Parts Pi\u00e8ces d\u00e9tach\u00e9es pour GS, mais aussi pour d&#8217;autres mod\u00e8les BMW Cruiser Club de France Le site des R1200C AFMB L&#8217;association des BMistes francophones FFMC 67 La F\u00e9d\u00e9ration Fran\u00e7aise des Motards en Col\u00e8re FFMC Passion Moto GT Par un passionn\u00e9 et professionnel de la moto, un article sur la prise des virages et bien &hellip; <a href=\"https:\/\/bmmc.fr\/?page_id=918\" class=\"more-link\">Continuer la lecture de <span class=\"screen-reader-text\">Une s\u00e9lection de liens des amis et partenaires du BMMC<\/span> <span class=\"meta-nav\">&rarr;<\/span><\/a><\/p>\n","protected":false},"author":1,"featured_media":834,"parent":0,"menu_order":0,"comment_status":"closed","ping_status":"closed","template":"","meta":{"footnotes":""},"class_list":["post-918","page","type-page","status-publish","has-post-thumbnail","hentry"],"_links":{"self":[{"href":"https:\/\/bmmc.fr\/index.php?rest_route=\/wp\/v2\/pages\/918","targetHints":{"allow":["GET"]}}],"collection":[{"href":"https:\/\/bmmc.fr\/index.php?rest_route=\/wp\/v2\/pages"}],"about":[{"href":"https:\/\/bmmc.fr\/index.php?rest_route=\/wp\/v2\/types\/page"}],"author":[{"embeddable":true,"href":"https:\/\/bmmc.fr\/index.php?rest_route=\/wp\/v2\/users\/1"}],"replies":[{"embeddable":true,"href":"https:\/\/bmmc.fr\/index.php?rest_route=%2Fwp%2Fv2%2Fcomments&post=918"}],"version-history":[{"count":5,"href":"https:\/\/bmmc.fr\/index.php?rest_route=\/wp\/v2\/pages\/918\/revisions"}],"predecessor-version":[{"id":1234,"href":"https:\/\/bmmc.fr\/index.php?rest_route=\/wp\/v2\/pages\/918\/revisions\/1234"}],"wp:featuredmedia":[{"embeddable":true,"href":"https:\/\/bmmc.fr\/index.php?rest_route=\/wp\/v2\/media\/834"}],"wp:attachment":[{"href":"https:\/\/bmmc.fr\/index.php?rest_route=%2Fwp%2Fv2%2Fmedia&parent=918"}],"curies":[{"name":"wp","href":"https:\/\/api.w.org\/{rel}","templated":true}]}}